{"id":9132,"date":"2022-09-20T23:46:23","date_gmt":"2022-09-20T21:46:23","guid":{"rendered":"https:\/\/www.amaymodelesclub.org\/?page_id=9132"},"modified":"2024-05-13T21:21:02","modified_gmt":"2024-05-13T19:21:02","slug":"expositions-exterieures","status":"publish","type":"page","link":"https:\/\/www.amaymodelesclub.org\/index.php\/expositions-exterieures\/","title":{"rendered":"Expositions ext\u00e9rieures"},"content":{"rendered":"\n<p>Reportages d&rsquo;expo\/bourses auxquelles AMC a particip\u00e9:<\/p>\n\n\n\n<figure class=\"wp-block-embed is-type-wp-embed is-provider-amay-modeles-club wp-block-embed-amay-modeles-club\"><div class=\"wp-block-embed__wrapper\">\n<blockquote class=\"wp-embedded-content\" data-secret=\"FvoHaJneW0\"><a href=\"https:\/\/www.amaymodelesclub.org\/index.php\/2024\/05\/13\/tirlemont-2024\/\">Tirlemont 2024<\/a><\/blockquote><iframe loading=\"lazy\" class=\"wp-embedded-content\" sandbox=\"allow-scripts\" security=\"restricted\" style=\"position: absolute; clip: rect(1px, 1px, 1px, 1px);\" title=\"\u00ab\u00a0Tirlemont 2024\u00a0\u00bb &#8212; Amay Modeles Club\" src=\"https:\/\/www.amaymodelesclub.org\/index.php\/2024\/05\/13\/tirlemont-2024\/embed\/#?secret=5YhcUD3mPI#?secret=FvoHaJneW0\" data-secret=\"FvoHaJneW0\" width=\"500\" height=\"282\" frameborder=\"0\" marginwidth=\"0\" marginheight=\"0\" scrolling=\"no\"><\/iframe>\n<\/div><\/figure>\n\n\n\n<figure class=\"wp-block-embed is-type-wp-embed is-provider-amay-modeles-club wp-block-embed-amay-modeles-club\"><div class=\"wp-block-embed__wrapper\">\n<blockquote class=\"wp-embedded-content\" data-secret=\"WZelMarbJz\"><a href=\"https:\/\/www.amaymodelesclub.org\/index.php\/2023\/10\/02\/mons-2023\/\">Mons 2023<\/a><\/blockquote><iframe loading=\"lazy\" class=\"wp-embedded-content\" sandbox=\"allow-scripts\" security=\"restricted\" style=\"position: absolute; clip: rect(1px, 1px, 1px, 1px);\" title=\"\u00ab\u00a0Mons 2023\u00a0\u00bb &#8212; Amay Modeles Club\" src=\"https:\/\/www.amaymodelesclub.org\/index.php\/2023\/10\/02\/mons-2023\/embed\/#?secret=8kxpl0e4T9#?secret=WZelMarbJz\" data-secret=\"WZelMarbJz\" width=\"500\" height=\"282\" frameborder=\"0\" marginwidth=\"0\" marginheight=\"0\" scrolling=\"no\"><\/iframe>\n<\/div><\/figure>\n\n\n\n<figure class=\"wp-block-embed is-type-wp-embed is-provider-amay-modeles-club wp-block-embed-amay-modeles-club\"><div class=\"wp-block-embed__wrapper\">\n<blockquote class=\"wp-embedded-content\" data-secret=\"lo33RT64H1\"><a href=\"https:\/\/www.amaymodelesclub.org\/index.php\/2022\/12\/12\/belgian-scale-modelers-convention-2022\/\">Belgian Scale Modelers Convention 2022<\/a><\/blockquote><iframe loading=\"lazy\" class=\"wp-embedded-content\" sandbox=\"allow-scripts\" security=\"restricted\" style=\"position: absolute; clip: rect(1px, 1px, 1px, 1px);\" title=\"\u00ab\u00a0Belgian Scale Modelers Convention 2022\u00a0\u00bb &#8212; Amay Modeles Club\" src=\"https:\/\/www.amaymodelesclub.org\/index.php\/2022\/12\/12\/belgian-scale-modelers-convention-2022\/embed\/#?secret=NOX3hbpcFS#?secret=lo33RT64H1\" data-secret=\"lo33RT64H1\" width=\"500\" height=\"282\" frameborder=\"0\" marginwidth=\"0\" marginheight=\"0\" scrolling=\"no\"><\/iframe>\n<\/div><\/figure>\n\n\n\n<figure class=\"wp-block-embed is-type-wp-embed is-provider-amay-modeles-club wp-block-embed-amay-modeles-club\"><div class=\"wp-block-embed__wrapper\">\n<blockquote class=\"wp-embedded-content\" data-secret=\"vNt30j6tGp\"><a href=\"https:\/\/www.amaymodelesclub.org\/index.php\/2022\/10\/03\/ipms-be-natcon-2022\/\">IPMS.be NatCon 2022<\/a><\/blockquote><iframe loading=\"lazy\" class=\"wp-embedded-content\" sandbox=\"allow-scripts\" security=\"restricted\" style=\"position: absolute; clip: rect(1px, 1px, 1px, 1px);\" title=\"\u00ab\u00a0IPMS.be NatCon 2022\u00a0\u00bb &#8212; Amay Modeles Club\" src=\"https:\/\/www.amaymodelesclub.org\/index.php\/2022\/10\/03\/ipms-be-natcon-2022\/embed\/#?secret=t6iGKcQztC#?secret=vNt30j6tGp\" data-secret=\"vNt30j6tGp\" width=\"500\" height=\"282\" frameborder=\"0\" marginwidth=\"0\" marginheight=\"0\" scrolling=\"no\"><\/iframe>\n<\/div><\/figure>\n\n\n\n<figure class=\"wp-block-embed is-type-wp-embed is-provider-amay-modeles-club wp-block-embed-amay-modeles-club\"><div class=\"wp-block-embed__wrapper\">\n<blockquote class=\"wp-embedded-content\" data-secret=\"HTMbz5D6YG\"><a href=\"https:\/\/www.amaymodelesclub.org\/index.php\/2022\/09\/20\/gallery-preview\/\">KMK ScaleWorld 2022<\/a><\/blockquote><iframe loading=\"lazy\" class=\"wp-embedded-content\" sandbox=\"allow-scripts\" security=\"restricted\" style=\"position: absolute; clip: rect(1px, 1px, 1px, 1px);\" title=\"\u00ab\u00a0KMK ScaleWorld 2022\u00a0\u00bb &#8212; Amay Modeles Club\" src=\"https:\/\/www.amaymodelesclub.org\/index.php\/2022\/09\/20\/gallery-preview\/embed\/#?secret=KlBpydzvUx#?secret=HTMbz5D6YG\" data-secret=\"HTMbz5D6YG\" width=\"500\" height=\"282\" frameborder=\"0\" marginwidth=\"0\" marginheight=\"0\" scrolling=\"no\"><\/iframe>\n<\/div><\/figure>\n\n\n\n<figure class=\"wp-block-embed is-type-wp-embed is-provider-amay-modeles-club wp-block-embed-amay-modeles-club\"><div class=\"wp-block-embed__wrapper\">\n<blockquote class=\"wp-embedded-content\" data-secret=\"CA336h3geT\"><a href=\"https:\/\/www.amaymodelesclub.org\/index.php\/2022\/09\/20\/air-terre-mer-mons-2022\/\">Air-Terre-Mer Mons 2022<\/a><\/blockquote><iframe loading=\"lazy\" class=\"wp-embedded-content\" sandbox=\"allow-scripts\" security=\"restricted\" style=\"position: absolute; clip: rect(1px, 1px, 1px, 1px);\" title=\"\u00ab\u00a0Air-Terre-Mer Mons 2022\u00a0\u00bb &#8212; Amay Modeles Club\" src=\"https:\/\/www.amaymodelesclub.org\/index.php\/2022\/09\/20\/air-terre-mer-mons-2022\/embed\/#?secret=ITbBJShZtk#?secret=CA336h3geT\" data-secret=\"CA336h3geT\" width=\"500\" height=\"282\" frameborder=\"0\" marginwidth=\"0\" marginheight=\"0\" scrolling=\"no\"><\/iframe>\n<\/div><\/figure>\n\n\n\n<figure class=\"wp-block-embed is-type-wp-embed is-provider-amay-modeles-club wp-block-embed-amay-modeles-club\"><div class=\"wp-block-embed__wrapper\">\n<blockquote class=\"wp-embedded-content\" data-secret=\"UUukeoMx2w\"><a href=\"https:\/\/www.amaymodelesclub.org\/index.php\/2022\/09\/20\/les-cameleons-de-la-maquette-2021\/\">Les Cam\u00e9l\u00e9ons de la Maquette 2021<\/a><\/blockquote><iframe loading=\"lazy\" class=\"wp-embedded-content\" sandbox=\"allow-scripts\" security=\"restricted\" style=\"position: absolute; clip: rect(1px, 1px, 1px, 1px);\" title=\"\u00ab\u00a0Les Cam\u00e9l\u00e9ons de la Maquette 2021\u00a0\u00bb &#8212; Amay Modeles Club\" src=\"https:\/\/www.amaymodelesclub.org\/index.php\/2022\/09\/20\/les-cameleons-de-la-maquette-2021\/embed\/#?secret=OCqjrvzjsn#?secret=UUukeoMx2w\" data-secret=\"UUukeoMx2w\" width=\"500\" height=\"282\" frameborder=\"0\" marginwidth=\"0\" marginheight=\"0\" scrolling=\"no\"><\/iframe>\n<\/div><\/figure>\n\n\n\n<figure class=\"wp-block-embed is-type-wp-embed is-provider-amay-modeles-club wp-block-embed-amay-modeles-club\"><div class=\"wp-block-embed__wrapper\">\n<blockquote class=\"wp-embedded-content\" data-secret=\"xrNAUC1gtF\"><a href=\"https:\/\/www.amaymodelesclub.org\/index.php\/2022\/09\/20\/20e-modelbouwhappening-m-c-klein-brabant-willebroek-ipms-2020\/\">20e Modelbouwhappening M.c. Klein-Brabant (Willebroek) Ipms 2020<\/a><\/blockquote><iframe loading=\"lazy\" class=\"wp-embedded-content\" sandbox=\"allow-scripts\" security=\"restricted\" style=\"position: absolute; clip: rect(1px, 1px, 1px, 1px);\" title=\"\u00ab\u00a020e Modelbouwhappening M.c. Klein-Brabant (Willebroek) Ipms 2020\u00a0\u00bb &#8212; Amay Modeles Club\" src=\"https:\/\/www.amaymodelesclub.org\/index.php\/2022\/09\/20\/20e-modelbouwhappening-m-c-klein-brabant-willebroek-ipms-2020\/embed\/#?secret=zZ8JzHZz1T#?secret=xrNAUC1gtF\" data-secret=\"xrNAUC1gtF\" width=\"500\" height=\"282\" frameborder=\"0\" marginwidth=\"0\" marginheight=\"0\" scrolling=\"no\"><\/iframe>\n<\/div><\/figure>\n\n\n\n<figure class=\"wp-block-embed is-type-wp-embed is-provider-amay-modeles-club wp-block-embed-amay-modeles-club\"><div class=\"wp-block-embed__wrapper\">\n<blockquote class=\"wp-embedded-content\" data-secret=\"o6sYuY2tig\"><a href=\"https:\/\/www.amaymodelesclub.org\/index.php\/2022\/09\/20\/belgian-scale-modellers-convention-2019\/\">Belgian Scale Modellers Convention 2019<\/a><\/blockquote><iframe loading=\"lazy\" class=\"wp-embedded-content\" sandbox=\"allow-scripts\" security=\"restricted\" style=\"position: absolute; clip: rect(1px, 1px, 1px, 1px);\" title=\"\u00ab\u00a0Belgian Scale Modellers Convention 2019\u00a0\u00bb &#8212; Amay Modeles Club\" src=\"https:\/\/www.amaymodelesclub.org\/index.php\/2022\/09\/20\/belgian-scale-modellers-convention-2019\/embed\/#?secret=QG2JbugR2X#?secret=o6sYuY2tig\" data-secret=\"o6sYuY2tig\" width=\"500\" height=\"282\" frameborder=\"0\" marginwidth=\"0\" marginheight=\"0\" scrolling=\"no\"><\/iframe>\n<\/div><\/figure>\n\n\n\n<figure class=\"wp-block-embed is-type-wp-embed is-provider-amay-modeles-club wp-block-embed-amay-modeles-club\"><div class=\"wp-block-embed__wrapper\">\n<blockquote class=\"wp-embedded-content\" data-secret=\"xB3bcfWCy2\"><a href=\"https:\/\/www.amaymodelesclub.org\/index.php\/2022\/09\/20\/ipms-belgium-natcon-2019\/\">Ipms Belgium Natcon 2019<\/a><\/blockquote><iframe loading=\"lazy\" class=\"wp-embedded-content\" sandbox=\"allow-scripts\" security=\"restricted\" style=\"position: absolute; clip: rect(1px, 1px, 1px, 1px);\" title=\"\u00ab\u00a0Ipms Belgium Natcon 2019\u00a0\u00bb &#8212; Amay Modeles Club\" src=\"https:\/\/www.amaymodelesclub.org\/index.php\/2022\/09\/20\/ipms-belgium-natcon-2019\/embed\/#?secret=KyX0V39SZM#?secret=xB3bcfWCy2\" data-secret=\"xB3bcfWCy2\" width=\"500\" height=\"282\" frameborder=\"0\" marginwidth=\"0\" marginheight=\"0\" scrolling=\"no\"><\/iframe>\n<\/div><\/figure>\n\n\n\n<figure class=\"wp-block-embed is-type-wp-embed is-provider-amay-modeles-club wp-block-embed-amay-modeles-club\"><div class=\"wp-block-embed__wrapper\">\n<blockquote class=\"wp-embedded-content\" data-secret=\"a2Rns4B8IY\"><a href=\"https:\/\/www.amaymodelesclub.org\/index.php\/2022\/09\/20\/telford-2019\/\">Telford 2019<\/a><\/blockquote><iframe loading=\"lazy\" class=\"wp-embedded-content\" sandbox=\"allow-scripts\" security=\"restricted\" style=\"position: absolute; clip: rect(1px, 1px, 1px, 1px);\" title=\"\u00ab\u00a0Telford 2019\u00a0\u00bb &#8212; Amay Modeles Club\" src=\"https:\/\/www.amaymodelesclub.org\/index.php\/2022\/09\/20\/telford-2019\/embed\/#?secret=gpudUUiBD7#?secret=a2Rns4B8IY\" data-secret=\"a2Rns4B8IY\" width=\"500\" height=\"282\" frameborder=\"0\" marginwidth=\"0\" marginheight=\"0\" scrolling=\"no\"><\/iframe>\n<\/div><\/figure>\n\n\n\n<figure class=\"wp-block-embed is-type-wp-embed is-provider-amay-modeles-club wp-block-embed-amay-modeles-club\"><div class=\"wp-block-embed__wrapper\">\n<blockquote class=\"wp-embedded-content\" data-secret=\"A6jwqY7ZDw\"><a href=\"https:\/\/www.amaymodelesclub.org\/index.php\/2022\/09\/20\/7e-exposition-les-cameleons-2019\/\">7e Exposition Les Cam\u00e9l\u00e9ons 2019<\/a><\/blockquote><iframe loading=\"lazy\" class=\"wp-embedded-content\" sandbox=\"allow-scripts\" security=\"restricted\" style=\"position: absolute; clip: rect(1px, 1px, 1px, 1px);\" title=\"\u00ab\u00a07e Exposition Les Cam\u00e9l\u00e9ons 2019\u00a0\u00bb &#8212; Amay Modeles Club\" src=\"https:\/\/www.amaymodelesclub.org\/index.php\/2022\/09\/20\/7e-exposition-les-cameleons-2019\/embed\/#?secret=DTm1fVBTbC#?secret=A6jwqY7ZDw\" data-secret=\"A6jwqY7ZDw\" width=\"500\" height=\"282\" frameborder=\"0\" marginwidth=\"0\" marginheight=\"0\" scrolling=\"no\"><\/iframe>\n<\/div><\/figure>\n\n\n\n<figure class=\"wp-block-embed is-type-wp-embed is-provider-amay-modeles-club wp-block-embed-amay-modeles-club\"><div class=\"wp-block-embed__wrapper\">\n<blockquote class=\"wp-embedded-content\" data-secret=\"szmXTv955Y\"><a href=\"https:\/\/www.amaymodelesclub.org\/index.php\/2022\/09\/20\/kmk-scaleworld-2019\/\">Kmk Scaleworld 2019<\/a><\/blockquote><iframe loading=\"lazy\" class=\"wp-embedded-content\" sandbox=\"allow-scripts\" security=\"restricted\" style=\"position: absolute; clip: rect(1px, 1px, 1px, 1px);\" title=\"\u00ab\u00a0Kmk Scaleworld 2019\u00a0\u00bb &#8212; Amay Modeles Club\" src=\"https:\/\/www.amaymodelesclub.org\/index.php\/2022\/09\/20\/kmk-scaleworld-2019\/embed\/#?secret=xLupxFaegU#?secret=szmXTv955Y\" data-secret=\"szmXTv955Y\" width=\"500\" height=\"282\" frameborder=\"0\" marginwidth=\"0\" marginheight=\"0\" scrolling=\"no\"><\/iframe>\n<\/div><\/figure>\n\n\n\n<figure class=\"wp-block-embed is-type-wp-embed is-provider-amay-modeles-club wp-block-embed-amay-modeles-club\"><div class=\"wp-block-embed__wrapper\">\n<blockquote class=\"wp-embedded-content\" data-secret=\"0VkiGWz9Sc\"><a href=\"https:\/\/www.amaymodelesclub.org\/index.php\/2022\/09\/20\/air-terre-mer-mons-2019\/\">Air-Terre-Mer Mons 2019<\/a><\/blockquote><iframe loading=\"lazy\" class=\"wp-embedded-content\" sandbox=\"allow-scripts\" security=\"restricted\" style=\"position: absolute; clip: rect(1px, 1px, 1px, 1px);\" title=\"\u00ab\u00a0Air-Terre-Mer Mons 2019\u00a0\u00bb &#8212; Amay Modeles Club\" src=\"https:\/\/www.amaymodelesclub.org\/index.php\/2022\/09\/20\/air-terre-mer-mons-2019\/embed\/#?secret=XLuLVN1Qa8#?secret=0VkiGWz9Sc\" data-secret=\"0VkiGWz9Sc\" width=\"500\" height=\"282\" frameborder=\"0\" marginwidth=\"0\" marginheight=\"0\" scrolling=\"no\"><\/iframe>\n<\/div><\/figure>\n\n\n\n<figure class=\"wp-block-embed is-type-wp-embed is-provider-amay-modeles-club wp-block-embed-amay-modeles-club\"><div class=\"wp-block-embed__wrapper\">\n<blockquote class=\"wp-embedded-content\" data-secret=\"IRknVxwC7G\"><a href=\"https:\/\/www.amaymodelesclub.org\/index.php\/2022\/09\/20\/41e-exposition-de-maquettisme-jemeppe-modelisme\/\">41e Exposition De Maquettisme Jemeppe Modelisme<\/a><\/blockquote><iframe loading=\"lazy\" class=\"wp-embedded-content\" sandbox=\"allow-scripts\" security=\"restricted\" style=\"position: absolute; clip: rect(1px, 1px, 1px, 1px);\" title=\"\u00ab\u00a041e Exposition De Maquettisme Jemeppe Modelisme\u00a0\u00bb &#8212; Amay Modeles Club\" src=\"https:\/\/www.amaymodelesclub.org\/index.php\/2022\/09\/20\/41e-exposition-de-maquettisme-jemeppe-modelisme\/embed\/#?secret=3xRUXrTXUC#?secret=IRknVxwC7G\" data-secret=\"IRknVxwC7G\" width=\"500\" height=\"282\" frameborder=\"0\" marginwidth=\"0\" marginheight=\"0\" scrolling=\"no\"><\/iframe>\n<\/div><\/figure>\n\n\n\n<figure class=\"wp-block-embed is-type-wp-embed is-provider-amay-modeles-club wp-block-embed-amay-modeles-club\"><div class=\"wp-block-embed__wrapper\">\n<blockquote class=\"wp-embedded-content\" data-secret=\"CHuJxuy8KR\"><a href=\"https:\/\/www.amaymodelesclub.org\/index.php\/2022\/09\/20\/middelkerkse-modelbouw-vereniging-2019\/\">Middelkerkse Modelbouw Vereniging 2019<\/a><\/blockquote><iframe loading=\"lazy\" class=\"wp-embedded-content\" sandbox=\"allow-scripts\" security=\"restricted\" style=\"position: absolute; clip: rect(1px, 1px, 1px, 1px);\" title=\"\u00ab\u00a0Middelkerkse Modelbouw Vereniging 2019\u00a0\u00bb &#8212; Amay Modeles Club\" src=\"https:\/\/www.amaymodelesclub.org\/index.php\/2022\/09\/20\/middelkerkse-modelbouw-vereniging-2019\/embed\/#?secret=b021eqD0xW#?secret=CHuJxuy8KR\" data-secret=\"CHuJxuy8KR\" width=\"500\" height=\"282\" frameborder=\"0\" marginwidth=\"0\" marginheight=\"0\" scrolling=\"no\"><\/iframe>\n<\/div><\/figure>\n\n\n\n<figure class=\"wp-block-embed is-type-wp-embed is-provider-amay-modeles-club wp-block-embed-amay-modeles-club\"><div class=\"wp-block-embed__wrapper\">\n<blockquote class=\"wp-embedded-content\" data-secret=\"GIF4y8xkZH\"><a href=\"https:\/\/www.amaymodelesclub.org\/index.php\/2022\/09\/20\/ipms-moorsele-2019\/\">Ipms Moorsele 2019<\/a><\/blockquote><iframe loading=\"lazy\" class=\"wp-embedded-content\" sandbox=\"allow-scripts\" security=\"restricted\" style=\"position: absolute; clip: rect(1px, 1px, 1px, 1px);\" title=\"\u00ab\u00a0Ipms Moorsele 2019\u00a0\u00bb &#8212; Amay Modeles Club\" src=\"https:\/\/www.amaymodelesclub.org\/index.php\/2022\/09\/20\/ipms-moorsele-2019\/embed\/#?secret=jA3psS9QH7#?secret=GIF4y8xkZH\" data-secret=\"GIF4y8xkZH\" width=\"500\" height=\"282\" frameborder=\"0\" marginwidth=\"0\" marginheight=\"0\" scrolling=\"no\"><\/iframe>\n<\/div><\/figure>\n\n\n\n<figure class=\"wp-block-embed is-type-wp-embed is-provider-amay-modeles-club wp-block-embed-amay-modeles-club\"><div class=\"wp-block-embed__wrapper\">\n<blockquote class=\"wp-embedded-content\" data-secret=\"pS4OCXJMc6\"><a href=\"https:\/\/www.amaymodelesclub.org\/index.php\/2022\/09\/20\/flanders-modelling-festival-van-ipms-antwerpen-2019\/\">Flanders&rsquo; Modelling Festival Van Ipms Antwerpen 2019<\/a><\/blockquote><iframe loading=\"lazy\" class=\"wp-embedded-content\" sandbox=\"allow-scripts\" security=\"restricted\" style=\"position: absolute; clip: rect(1px, 1px, 1px, 1px);\" title=\"\u00ab\u00a0Flanders&rsquo; Modelling Festival Van Ipms Antwerpen 2019\u00a0\u00bb &#8212; Amay Modeles Club\" src=\"https:\/\/www.amaymodelesclub.org\/index.php\/2022\/09\/20\/flanders-modelling-festival-van-ipms-antwerpen-2019\/embed\/#?secret=4CLgx8eCSF#?secret=pS4OCXJMc6\" data-secret=\"pS4OCXJMc6\" width=\"500\" height=\"282\" frameborder=\"0\" marginwidth=\"0\" marginheight=\"0\" scrolling=\"no\"><\/iframe>\n<\/div><\/figure>\n\n\n\n<figure class=\"wp-block-embed is-type-wp-embed is-provider-amay-modeles-club wp-block-embed-amay-modeles-club\"><div class=\"wp-block-embed__wrapper\">\n<blockquote class=\"wp-embedded-content\" data-secret=\"HKnYTaSmI7\"><a href=\"https:\/\/www.amaymodelesclub.org\/index.php\/2022\/09\/20\/26e-plein-feux-sur-le-maquettisme-les-feles-du-modelisme-2019\/\">26e Plein Feux Sur Le Maquettisme -Les F\u00eal\u00e9s Du Mod\u00e9lisme 2019<\/a><\/blockquote><iframe loading=\"lazy\" class=\"wp-embedded-content\" sandbox=\"allow-scripts\" security=\"restricted\" style=\"position: absolute; clip: rect(1px, 1px, 1px, 1px);\" title=\"\u00ab\u00a026e Plein Feux Sur Le Maquettisme -Les F\u00eal\u00e9s Du Mod\u00e9lisme 2019\u00a0\u00bb &#8212; Amay Modeles Club\" src=\"https:\/\/www.amaymodelesclub.org\/index.php\/2022\/09\/20\/26e-plein-feux-sur-le-maquettisme-les-feles-du-modelisme-2019\/embed\/#?secret=9ZiJdeykam#?secret=HKnYTaSmI7\" data-secret=\"HKnYTaSmI7\" width=\"500\" height=\"282\" frameborder=\"0\" marginwidth=\"0\" marginheight=\"0\" scrolling=\"no\"><\/iframe>\n<\/div><\/figure>\n\n\n\n<figure class=\"wp-block-embed is-type-wp-embed is-provider-amay-modeles-club wp-block-embed-amay-modeles-club\"><div class=\"wp-block-embed__wrapper\">\n<blockquote class=\"wp-embedded-content\" data-secret=\"8aSQpCMJwZ\"><a href=\"https:\/\/www.amaymodelesclub.org\/index.php\/2022\/09\/20\/50-years-ipms-belgium-2018\/\">50 Years Ipms Belgium -2018<\/a><\/blockquote><iframe loading=\"lazy\" class=\"wp-embedded-content\" sandbox=\"allow-scripts\" security=\"restricted\" style=\"position: absolute; clip: rect(1px, 1px, 1px, 1px);\" title=\"\u00ab\u00a050 Years Ipms Belgium -2018\u00a0\u00bb &#8212; Amay Modeles Club\" src=\"https:\/\/www.amaymodelesclub.org\/index.php\/2022\/09\/20\/50-years-ipms-belgium-2018\/embed\/#?secret=fvQ5Lb8eDl#?secret=8aSQpCMJwZ\" data-secret=\"8aSQpCMJwZ\" width=\"500\" height=\"282\" frameborder=\"0\" marginwidth=\"0\" marginheight=\"0\" scrolling=\"no\"><\/iframe>\n<\/div><\/figure>\n\n\n\n<figure class=\"wp-block-embed is-type-wp-embed is-provider-amay-modeles-club wp-block-embed-amay-modeles-club\"><div class=\"wp-block-embed__wrapper\">\n<blockquote class=\"wp-embedded-content\" data-secret=\"QnQI4DbovU\"><a href=\"https:\/\/www.amaymodelesclub.org\/index.php\/2022\/09\/20\/kmk-scaleworld-2018\/\">Kmk Scaleworld 2018<\/a><\/blockquote><iframe loading=\"lazy\" class=\"wp-embedded-content\" sandbox=\"allow-scripts\" security=\"restricted\" style=\"position: absolute; clip: rect(1px, 1px, 1px, 1px);\" title=\"\u00ab\u00a0Kmk Scaleworld 2018\u00a0\u00bb &#8212; Amay Modeles Club\" src=\"https:\/\/www.amaymodelesclub.org\/index.php\/2022\/09\/20\/kmk-scaleworld-2018\/embed\/#?secret=3hgXyqFZx9#?secret=QnQI4DbovU\" data-secret=\"QnQI4DbovU\" width=\"500\" height=\"282\" frameborder=\"0\" marginwidth=\"0\" marginheight=\"0\" scrolling=\"no\"><\/iframe>\n<\/div><\/figure>\n\n\n\n<figure class=\"wp-block-embed is-type-wp-embed is-provider-amay-modeles-club wp-block-embed-amay-modeles-club\"><div class=\"wp-block-embed__wrapper\">\n<blockquote class=\"wp-embedded-content\" data-secret=\"bZeuTDul8W\"><a href=\"https:\/\/www.amaymodelesclub.org\/index.php\/2022\/09\/20\/air-terre-mer-mons-2018\/\">Air-Terre-Mer Mons 2018<\/a><\/blockquote><iframe loading=\"lazy\" class=\"wp-embedded-content\" sandbox=\"allow-scripts\" security=\"restricted\" style=\"position: absolute; clip: rect(1px, 1px, 1px, 1px);\" title=\"\u00ab\u00a0Air-Terre-Mer Mons 2018\u00a0\u00bb &#8212; Amay Modeles Club\" src=\"https:\/\/www.amaymodelesclub.org\/index.php\/2022\/09\/20\/air-terre-mer-mons-2018\/embed\/#?secret=ke5RXi8g6T#?secret=bZeuTDul8W\" data-secret=\"bZeuTDul8W\" width=\"500\" height=\"282\" frameborder=\"0\" marginwidth=\"0\" marginheight=\"0\" scrolling=\"no\"><\/iframe>\n<\/div><\/figure>\n\n\n\n<figure class=\"wp-block-embed is-type-wp-embed is-provider-amay-modeles-club wp-block-embed-amay-modeles-club\"><div class=\"wp-block-embed__wrapper\">\n<blockquote class=\"wp-embedded-content\" data-secret=\"wAOJks5LI3\"><a href=\"https:\/\/www.amaymodelesclub.org\/index.php\/2022\/09\/20\/belgian-scale-modellers-convention-2018\/\">Belgian Scale Modellers Convention 2018<\/a><\/blockquote><iframe loading=\"lazy\" class=\"wp-embedded-content\" sandbox=\"allow-scripts\" security=\"restricted\" style=\"position: absolute; clip: rect(1px, 1px, 1px, 1px);\" title=\"\u00ab\u00a0Belgian Scale Modellers Convention 2018\u00a0\u00bb &#8212; Amay Modeles Club\" src=\"https:\/\/www.amaymodelesclub.org\/index.php\/2022\/09\/20\/belgian-scale-modellers-convention-2018\/embed\/#?secret=v2MJOK6dpl#?secret=wAOJks5LI3\" data-secret=\"wAOJks5LI3\" width=\"500\" height=\"282\" frameborder=\"0\" marginwidth=\"0\" marginheight=\"0\" scrolling=\"no\"><\/iframe>\n<\/div><\/figure>\n\n\n\n<figure class=\"wp-block-embed is-type-wp-embed is-provider-amay-modeles-club wp-block-embed-amay-modeles-club\"><div class=\"wp-block-embed__wrapper\">\n<blockquote class=\"wp-embedded-content\" data-secret=\"5cZpGRXPNr\"><a href=\"https:\/\/www.amaymodelesclub.org\/index.php\/2022\/09\/20\/6e-exposition-les-cameleons-2018\/\">6e Exposition Les Cam\u00e9l\u00e9ons 2018<\/a><\/blockquote><iframe loading=\"lazy\" class=\"wp-embedded-content\" sandbox=\"allow-scripts\" security=\"restricted\" style=\"position: absolute; clip: rect(1px, 1px, 1px, 1px);\" title=\"\u00ab\u00a06e Exposition Les Cam\u00e9l\u00e9ons 2018\u00a0\u00bb &#8212; Amay Modeles Club\" src=\"https:\/\/www.amaymodelesclub.org\/index.php\/2022\/09\/20\/6e-exposition-les-cameleons-2018\/embed\/#?secret=0e4XCCOSLr#?secret=5cZpGRXPNr\" data-secret=\"5cZpGRXPNr\" width=\"500\" height=\"282\" frameborder=\"0\" marginwidth=\"0\" marginheight=\"0\" scrolling=\"no\"><\/iframe>\n<\/div><\/figure>\n\n\n\n<figure class=\"wp-block-embed is-type-wp-embed is-provider-amay-modeles-club wp-block-embed-amay-modeles-club\"><div class=\"wp-block-embed__wrapper\">\n<blockquote class=\"wp-embedded-content\" data-secret=\"MeBUH9xq7D\"><a href=\"https:\/\/www.amaymodelesclub.org\/index.php\/2022\/09\/20\/international-scale-model-challenge-2018-veldhoven-nl\/\">International Scale Model Challenge 2018 Veldhoven Nl<\/a><\/blockquote><iframe loading=\"lazy\" class=\"wp-embedded-content\" sandbox=\"allow-scripts\" security=\"restricted\" style=\"position: absolute; clip: rect(1px, 1px, 1px, 1px);\" title=\"\u00ab\u00a0International Scale Model Challenge 2018 Veldhoven Nl\u00a0\u00bb &#8212; Amay Modeles Club\" src=\"https:\/\/www.amaymodelesclub.org\/index.php\/2022\/09\/20\/international-scale-model-challenge-2018-veldhoven-nl\/embed\/#?secret=PCcOSY1GVA#?secret=MeBUH9xq7D\" data-secret=\"MeBUH9xq7D\" width=\"500\" height=\"282\" frameborder=\"0\" marginwidth=\"0\" marginheight=\"0\" scrolling=\"no\"><\/iframe>\n<\/div><\/figure>\n<div style=\"margin: 20px 0;\"><div class=\"qrcswholewtapper\" style=\"text-align:left;\"><div class=\"qrcprowrapper\"  id=\"qrcwraa2leds\"><div class=\"qrc_canvass\" id=\"qrc_cuttenpages_2\" style=\"display:inline-block\" data-text=\"https:\/\/www.amaymodelesclub.org\/index.php\/expositions-exterieures\/\"><\/div><div><a download=\"Expositions ext\u00e9rieures.png\" class=\"qrcdownloads\" id=\"worign\">\r\n           <button type=\"button\" style=\"min-width:80px;background:#44d813;color:#000;font-weight: 600;border: 1px solid #44d813;border-radius:20px;font-size:12px;padding: 6px 0;\" class=\"uqr_code_btn\">Download QR<\/button>\r\n           <\/a><\/div><\/div><\/div><\/div>","protected":false},"excerpt":{"rendered":"<p>Reportages d&rsquo;expo\/bourses auxquelles AMC a particip\u00e9: Download QR<\/p>\n","protected":false},"author":1,"featured_media":0,"parent":0,"menu_order":0,"comment_status":"closed","ping_status":"closed","template":"","meta":{"saved_in_kubio":false,"footnotes":""},"class_list":["post-9132","page","type-page","status-publish","hentry"],"kubio_ai_page_context":{"short_desc":"","purpose":"general"},"_links":{"self":[{"href":"https:\/\/www.amaymodelesclub.org\/index.php\/wp-json\/wp\/v2\/pages\/9132","targetHints":{"allow":["GET"]}}],"collection":[{"href":"https:\/\/www.amaymodelesclub.org\/index.php\/wp-json\/wp\/v2\/pages"}],"about":[{"href":"https:\/\/www.amaymodelesclub.org\/index.php\/wp-json\/wp\/v2\/types\/page"}],"author":[{"embeddable":true,"href":"https:\/\/www.amaymodelesclub.org\/index.php\/wp-json\/wp\/v2\/users\/1"}],"replies":[{"embeddable":true,"href":"https:\/\/www.amaymodelesclub.org\/index.php\/wp-json\/wp\/v2\/comments?post=9132"}],"version-history":[{"count":23,"href":"https:\/\/www.amaymodelesclub.org\/index.php\/wp-json\/wp\/v2\/pages\/9132\/revisions"}],"predecessor-version":[{"id":11049,"href":"https:\/\/www.amaymodelesclub.org\/index.php\/wp-json\/wp\/v2\/pages\/9132\/revisions\/11049"}],"wp:attachment":[{"href":"https:\/\/www.amaymodelesclub.org\/index.php\/wp-json\/wp\/v2\/media?parent=9132"}],"curies":[{"name":"wp","href":"https:\/\/api.w.org\/{rel}","templated":true}]}}