{"id":50,"date":"2017-12-07T12:47:33","date_gmt":"2017-12-07T12:47:33","guid":{"rendered":"https:\/\/topiary-garden.wpin1.1prod.one\/?page_id=50"},"modified":"2017-12-07T12:47:33","modified_gmt":"2017-12-07T12:47:33","slug":"tutorials","status":"publish","type":"page","link":"https:\/\/www.amaymodelesclub.org\/index.php\/tutorials\/","title":{"rendered":"Tutorials"},"content":{"rendered":"<h2><em><strong>Nouveaut\u00e9s par soci\u00e9t\u00e9:<\/strong><\/em><\/h2>\n<p style=\"text-align: left;\"><a href=\"https:\/\/www.tamiya.com\/english\/e-home.htm\">Tamiya<\/a><br \/>\n<a href=\"https:\/\/twitter.com\/tamiyainc\">twitter Tamiya<\/a><\/p>\n<p style=\"text-align: left;\"><a href=\"http:\/\/www.hasegawa-model.co.jp\/gsite\/\">Hasegawa<\/a><br \/>\n<a href=\"https:\/\/twitter.com\/hasegawa_model\">twitter Hasegawa<\/a><\/p>\n<p style=\"text-align: left;\"><a href=\"https:\/\/www.revell.de\/fr\/\">Revell<\/a><br \/>\n<a href=\"https:\/\/www.facebook.com\/Revell\">FB Revell<\/a><\/p>\n<h2><em><strong>Chartes de conversions peintures.<\/strong><\/em><\/h2>\n<p><a href=\"http:\/\/otcktqk.cluster030.hosting.ovh.net\/wp-content\/uploads\/2021\/08\/humbrol-wall-chart_1.pdf\">-Humbrol<\/a><\/p>\n<p>-Creos\/Gunze-Sangyo\/MrHobby:<\/p>\n<p><img loading=\"lazy\" decoding=\"async\" class=\"aligncenter size-full wp-image-391\" src=\"http:\/\/otcktqk.cluster030.hosting.ovh.net\/wp-content\/uploads\/2021\/08\/colormap_gunze.jpg\" alt=\"\" width=\"1000\" height=\"1417\" srcset=\"https:\/\/www.amaymodelesclub.org\/wp-content\/uploads\/2021\/08\/colormap_gunze.jpg 1000w, https:\/\/www.amaymodelesclub.org\/wp-content\/uploads\/2021\/08\/colormap_gunze-212x300.jpg 212w, https:\/\/www.amaymodelesclub.org\/wp-content\/uploads\/2021\/08\/colormap_gunze-723x1024.jpg 723w, https:\/\/www.amaymodelesclub.org\/wp-content\/uploads\/2021\/08\/colormap_gunze-768x1088.jpg 768w\" sizes=\"(max-width: 1000px) 100vw, 1000px\" \/><\/p>\n<p><a href=\"http:\/\/otcktqk.cluster030.hosting.ovh.net\/wp-content\/uploads\/2021\/08\/Nuancier_Tamiya.pdf\">-Tamiya:<\/a> <img loading=\"lazy\" decoding=\"async\" class=\"aligncenter wp-image-397\" src=\"http:\/\/otcktqk.cluster030.hosting.ovh.net\/wp-content\/uploads\/2021\/08\/tamiya-bottles.jpg\" alt=\"\" width=\"946\" height=\"946\" srcset=\"https:\/\/www.amaymodelesclub.org\/wp-content\/uploads\/2021\/08\/tamiya-bottles.jpg 1000w, https:\/\/www.amaymodelesclub.org\/wp-content\/uploads\/2021\/08\/tamiya-bottles-300x300.jpg 300w, https:\/\/www.amaymodelesclub.org\/wp-content\/uploads\/2021\/08\/tamiya-bottles-150x150.jpg 150w, https:\/\/www.amaymodelesclub.org\/wp-content\/uploads\/2021\/08\/tamiya-bottles-768x768.jpg 768w\" sizes=\"(max-width: 946px) 100vw, 946px\" \/><\/p>\n<p><img loading=\"lazy\" decoding=\"async\" class=\"aligncenter size-full wp-image-398\" src=\"http:\/\/otcktqk.cluster030.hosting.ovh.net\/wp-content\/uploads\/2021\/08\/tamiya-sprays.png\" alt=\"\" width=\"896\" height=\"540\" srcset=\"https:\/\/www.amaymodelesclub.org\/wp-content\/uploads\/2021\/08\/tamiya-sprays.png 896w, https:\/\/www.amaymodelesclub.org\/wp-content\/uploads\/2021\/08\/tamiya-sprays-300x181.png 300w, https:\/\/www.amaymodelesclub.org\/wp-content\/uploads\/2021\/08\/tamiya-sprays-768x463.png 768w\" sizes=\"(max-width: 896px) 100vw, 896px\" \/><\/p>\n<p><img loading=\"lazy\" decoding=\"async\" class=\"aligncenter size-full wp-image-393\" src=\"http:\/\/otcktqk.cluster030.hosting.ovh.net\/wp-content\/uploads\/2021\/08\/MIG-colors-chart.jpg\" alt=\"\" width=\"1800\" height=\"639\" srcset=\"https:\/\/www.amaymodelesclub.org\/wp-content\/uploads\/2021\/08\/MIG-colors-chart.jpg 1800w, https:\/\/www.amaymodelesclub.org\/wp-content\/uploads\/2021\/08\/MIG-colors-chart-300x107.jpg 300w, https:\/\/www.amaymodelesclub.org\/wp-content\/uploads\/2021\/08\/MIG-colors-chart-1024x364.jpg 1024w, https:\/\/www.amaymodelesclub.org\/wp-content\/uploads\/2021\/08\/MIG-colors-chart-768x273.jpg 768w, https:\/\/www.amaymodelesclub.org\/wp-content\/uploads\/2021\/08\/MIG-colors-chart-1536x545.jpg 1536w, https:\/\/www.amaymodelesclub.org\/wp-content\/uploads\/2021\/08\/MIG-colors-chart-1568x557.jpg 1568w\" sizes=\"(max-width: 1800px) 100vw, 1800px\" \/><img loading=\"lazy\" decoding=\"async\" class=\"aligncenter size-full wp-image-395\" src=\"http:\/\/otcktqk.cluster030.hosting.ovh.net\/wp-content\/uploads\/2021\/08\/MIG-colors-chart2.jpg\" alt=\"\" width=\"1800\" height=\"639\" srcset=\"https:\/\/www.amaymodelesclub.org\/wp-content\/uploads\/2021\/08\/MIG-colors-chart2.jpg 1800w, https:\/\/www.amaymodelesclub.org\/wp-content\/uploads\/2021\/08\/MIG-colors-chart2-300x107.jpg 300w, https:\/\/www.amaymodelesclub.org\/wp-content\/uploads\/2021\/08\/MIG-colors-chart2-1024x364.jpg 1024w, https:\/\/www.amaymodelesclub.org\/wp-content\/uploads\/2021\/08\/MIG-colors-chart2-768x273.jpg 768w, https:\/\/www.amaymodelesclub.org\/wp-content\/uploads\/2021\/08\/MIG-colors-chart2-1536x545.jpg 1536w, https:\/\/www.amaymodelesclub.org\/wp-content\/uploads\/2021\/08\/MIG-colors-chart2-1568x557.jpg 1568w\" sizes=\"(max-width: 1800px) 100vw, 1800px\" \/><a href=\"http:\/\/otcktqk.cluster030.hosting.ovh.net\/wp-content\/uploads\/2021\/08\/MIG-acrylic-colors-conversion-chart.pdf\">MIG-acrylic-colors-conversion-chart<\/a><\/p>\n<div style=\"margin: 20px 0;\"><div class=\"qrcswholewtapper\" style=\"text-align:left;\"><div class=\"qrcprowrapper\"  id=\"qrcwraa2leds\"><div class=\"qrc_canvass\" id=\"qrc_cuttenpages_2\" style=\"display:inline-block\" data-text=\"https:\/\/www.amaymodelesclub.org\/index.php\/tutorials\/\"><\/div><div><a download=\"Tutorials.png\" class=\"qrcdownloads\" id=\"worign\">\r\n           <button type=\"button\" style=\"min-width:80px;background:#44d813;color:#000;font-weight: 600;border: 1px solid #44d813;border-radius:20px;font-size:12px;padding: 6px 0;\" class=\"uqr_code_btn\">Download QR<\/button>\r\n           <\/a><\/div><\/div><\/div><\/div>","protected":false},"excerpt":{"rendered":"<p>Nouveaut\u00e9s par soci\u00e9t\u00e9: Tamiya twitter Tamiya Hasegawa twitter Hasegawa Revell FB Revell Chartes de conversions peintures. -Humbrol -Creos\/Gunze-Sangyo\/MrHobby: -Tamiya: MIG-acrylic-colors-conversion-chart Download QR<\/p>\n","protected":false},"author":1,"featured_media":0,"parent":0,"menu_order":0,"comment_status":"closed","ping_status":"closed","template":"page-templates\/services-page.php","meta":{"saved_in_kubio":false,"footnotes":""},"class_list":["post-50","page","type-page","status-publish","hentry"],"kubio_ai_page_context":{"short_desc":"","purpose":"general"},"_links":{"self":[{"href":"https:\/\/www.amaymodelesclub.org\/index.php\/wp-json\/wp\/v2\/pages\/50","targetHints":{"allow":["GET"]}}],"collection":[{"href":"https:\/\/www.amaymodelesclub.org\/index.php\/wp-json\/wp\/v2\/pages"}],"about":[{"href":"https:\/\/www.amaymodelesclub.org\/index.php\/wp-json\/wp\/v2\/types\/page"}],"author":[{"embeddable":true,"href":"https:\/\/www.amaymodelesclub.org\/index.php\/wp-json\/wp\/v2\/users\/1"}],"replies":[{"embeddable":true,"href":"https:\/\/www.amaymodelesclub.org\/index.php\/wp-json\/wp\/v2\/comments?post=50"}],"version-history":[{"count":0,"href":"https:\/\/www.amaymodelesclub.org\/index.php\/wp-json\/wp\/v2\/pages\/50\/revisions"}],"wp:attachment":[{"href":"https:\/\/www.amaymodelesclub.org\/index.php\/wp-json\/wp\/v2\/media?parent=50"}],"curies":[{"name":"wp","href":"https:\/\/api.w.org\/{rel}","templated":true}]}}