{"id":48,"date":"2017-12-07T12:44:03","date_gmt":"2017-12-07T12:44:03","guid":{"rendered":"https:\/\/topiary-garden.wpin1.1prod.one\/?page_id=48"},"modified":"2025-11-14T12:09:19","modified_gmt":"2025-11-14T11:09:19","slug":"about","status":"publish","type":"page","link":"https:\/\/www.amaymodelesclub.org\/index.php\/about\/","title":{"rendered":"Informations"},"content":{"rendered":"\n<p>Prenez une trentaine de personnes, de 30 \u00e0 84 ans, de tous milieux, apparemment saines d\u2019esprit, rassemblez-les devant une boite de mod\u00e8le r\u00e9duit en plastique et, instantan\u00e9ment, vous obtenez un club de passionn\u00e9s de mod\u00e8les r\u00e9duits, Amay Mod\u00e8les Club !<\/p>\n\n\n\n<p>Dans l\u2019enfance, nous avons tous, surtout par temps de pluie, mont\u00e9 un mod\u00e8le de voiture ou d\u2019avion. Certains ont m\u00eame pouss\u00e9 le plaisir de le peindre et puis, ce mod\u00e8le a fini, poussi\u00e9reux, oubli\u00e9 au-dessus d\u2019une vieille \u00e9tag\u00e8re ou , pire, cass\u00e9, \u00e0 la poubelle, apr\u00e8s un virage mal n\u00e9goci\u00e9 ou un atterrissage rat\u00e9.<\/p>\n\n\n\n<p>Quelques-uns, cependant, on ressenti, pour ce hobby, une v\u00e9ritable passion, \u00e0 tel point que c\u2019en est devenu pour eux une partie essentielle de leur vie, parfois m\u00eame d\u00e9vorante&nbsp;: il n\u2019est pas rare, en effet, que des mod\u00e9listes poss\u00e8dent des collections de plusieurs centaines de bo\u00eetes de mod\u00e8les alors que leur production annuelle ne d\u00e9passe pas les quatre ou cinq mod\u00e8les construits&nbsp;! Mais il est bien connu que lorsqu\u2019on aime, on ne compte pas&nbsp;!<\/p>\n\n\n\n<p>Le mod\u00e9lisme est un moyen de d\u00e9veloppement physique, intellectuel et social remarquable&nbsp;:<br>-Physique , car il demande un doigt\u00e9 et une pr\u00e9cision de tout instant, ainsi qu\u2019une ma\u00eetrise totale de soi, surtout dans les moments difficiles, quand le plan n\u2019indique pas ou coller cette fichue pi\u00e8ce de 2 mm !<br>-Intellectuel , car il requiert bien souvent un temps de r\u00e9flexion dans le montage de la maquette , un temps d\u2019 invention de nouvelles techniques ou de nouveaux trucs pour r\u00e9soudre tel ou tel probl\u00e8me inconnu jusqu\u2019alors, une p\u00e9riode de recherche historique ou technique pour am\u00e9liorer le simple mod\u00e8le de base, forc\u00e9ment identique au d\u00e9part.<br>-Social , car il rassemble des personnes de tout \u00e2ge, de tout horizon, dans une activit\u00e9 commune, agr\u00e9able pour tous, et dans laquelle chacun peut apporter son savoir-faire et sa cr\u00e9ativit\u00e9 pour le bien de la collectivit\u00e9 !<\/p>\n\n\n\n<p>Amay Mod\u00e8les Club a \u00e9t\u00e9 fond\u00e9 en 1984 par d\u2019anciens membres du C.M.O. (Club de Mod\u00e9lisme de l\u2019Ourthe) qui, habitant la r\u00e9gion d\u2019Amay, souhaitaient y d\u00e9velopper un club de mod\u00e9lisme plastique.<\/p>\n\n\n\n<p>Les sp\u00e9cialistes des blind\u00e9s et autres v\u00e9hicules militaires se concentrent, \u00e0 parts \u00e9gales, entre le 1\/72e et le 1\/35e, les amateurs d\u2019avions sur le 1\/48e et sur le 1\/32e, avec quelques rares nostalgiques acharn\u00e9s du 1\/72e. AMC est essentiellement ax\u00e9 sur le mat\u00e9riel militaire de la 2e guerre mondiale \u00e0 nos jours.<\/p>\n\n\n\n<p>Restent les individualistes, qui passent de la voiture toutes \u00e9chelles aux figurines \u00e0 partir du 1\/35e ou les Hyper-sp\u00e9cialistes du scratch, comme notre bien-aim\u00e9 Pr\u00e9sident \u00e0 vie (c\u2019est le seul qui reste, puisque Idi Amin Dada vient de dispara\u00eetre !) qui a r\u00e9alis\u00e9 2 catapultes US en scratch total, une au 1\/72e et une au 1\/48e &#8230;<\/p>\n\n\n\n<p>Reste encore le cas (d\u00e9sesp\u00e9r\u00e9 et d\u00e9sesp\u00e9rant !) du secr\u00e9taire-tr\u00e9sorier, qui renforce sans arr\u00eat l\u2019isolation de son grenier en empilant les bo\u00eetes de sa \u00ab collection \u00bb de mod\u00e8les qu\u2019il construira (peut-\u00eatre) lors de sa pension.<\/p>\n\n\n\n<p>En un mot, un sacr\u00e9 groupe de bons copains r\u00e9unis par l\u2019amour du plastique !<\/p>\n\n\n\n<p>Apr\u00e8s avoir occup\u00e9 divers locaux officiels et priv\u00e9s \u00e0 Amay, Jehay et Villers-le-Bouillet, AMC se r\u00e9unit actuellement le vendredi soir, de 20h \u00e0 22h30, \u00e0 la maison de quartier de Fize-Fontaine (Villers-le-Bouillet).<\/p>\n\n\n\n<p>Les ateliers mensuels sont \u00e9galement organis\u00e9s (g\u00e9n\u00e9ralement le premier samedi du mois).<\/p>\n\n\n\n<figure class=\"wp-block-image size-large\"><img loading=\"lazy\" decoding=\"async\" width=\"1024\" height=\"748\" src=\"https:\/\/www.amaymodelesclub.org\/wp-content\/uploads\/2025\/09\/2025-09-10-17.28.46-1024x748.jpg\" alt=\"\" class=\"wp-image-11582\" srcset=\"https:\/\/www.amaymodelesclub.org\/wp-content\/uploads\/2025\/09\/2025-09-10-17.28.46-1024x748.jpg 1024w, https:\/\/www.amaymodelesclub.org\/wp-content\/uploads\/2025\/09\/2025-09-10-17.28.46-300x219.jpg 300w, https:\/\/www.amaymodelesclub.org\/wp-content\/uploads\/2025\/09\/2025-09-10-17.28.46-768x561.jpg 768w, https:\/\/www.amaymodelesclub.org\/wp-content\/uploads\/2025\/09\/2025-09-10-17.28.46-100x73.jpg 100w, https:\/\/www.amaymodelesclub.org\/wp-content\/uploads\/2025\/09\/2025-09-10-17.28.46.jpg 1279w\" sizes=\"(max-width: 1024px) 100vw, 1024px\" \/><\/figure>\n\n\n\n<p>Nous organisons \u00e9galement une exposition\/bourse tous les deux ans \u00e0 Huy et participons aux principaux \u00e9v\u00e8nements en Belgique avec un stand d&rsquo;exposition des r\u00e9alisations des membres.<\/p>\n\n\n<div class=\"wp-block-image\">\n<figure class=\"aligncenter\"><img loading=\"lazy\" decoding=\"async\" width=\"2560\" height=\"1920\" src=\"https:\/\/www.amaymodelesclub.org\/wp-content\/uploads\/2021\/08\/2019-09-27-21.21.15-scaled-1.jpg\" alt=\"\" class=\"wp-image-389\" srcset=\"https:\/\/www.amaymodelesclub.org\/wp-content\/uploads\/2021\/08\/2019-09-27-21.21.15-scaled-1.jpg 2560w, https:\/\/www.amaymodelesclub.org\/wp-content\/uploads\/2021\/08\/2019-09-27-21.21.15-scaled-1-300x225.jpg 300w, https:\/\/www.amaymodelesclub.org\/wp-content\/uploads\/2021\/08\/2019-09-27-21.21.15-scaled-1-1024x768.jpg 1024w, https:\/\/www.amaymodelesclub.org\/wp-content\/uploads\/2021\/08\/2019-09-27-21.21.15-scaled-1-768x576.jpg 768w, https:\/\/www.amaymodelesclub.org\/wp-content\/uploads\/2021\/08\/2019-09-27-21.21.15-scaled-1-1536x1152.jpg 1536w, https:\/\/www.amaymodelesclub.org\/wp-content\/uploads\/2021\/08\/2019-09-27-21.21.15-scaled-1-2048x1536.jpg 2048w, https:\/\/www.amaymodelesclub.org\/wp-content\/uploads\/2021\/08\/2019-09-27-21.21.15-scaled-1-1568x1176.jpg 1568w\" sizes=\"(max-width: 2560px) 100vw, 2560px\" \/><\/figure>\n<\/div>\n\n<div class=\"wp-block-image\">\n<figure class=\"aligncenter is-resized\"><img loading=\"lazy\" decoding=\"async\" width=\"300\" height=\"214\" src=\"https:\/\/www.amaymodelesclub.org\/wp-content\/uploads\/2022\/07\/AMC-1987-300x214.jpg\" alt=\"\" class=\"wp-image-1099\" style=\"width:840px;height:599px\" srcset=\"https:\/\/www.amaymodelesclub.org\/wp-content\/uploads\/2022\/07\/AMC-1987-300x214.jpg 300w, https:\/\/www.amaymodelesclub.org\/wp-content\/uploads\/2022\/07\/AMC-1987.jpg 704w\" sizes=\"(max-width: 300px) 100vw, 300px\" \/><\/figure>\n<\/div>\n\n\n<p class=\"has-text-align-center\"><span class=\"style2\">Les membres de AMC en 1989, photo d&rsquo;\u00e9poque<\/span><\/p>\n\n\n<div class=\"wp-block-image\">\n<figure class=\"aligncenter size-full\"><img loading=\"lazy\" decoding=\"async\" width=\"828\" height=\"620\" src=\"https:\/\/www.amaymodelesclub.org\/wp-content\/uploads\/2024\/03\/2023-12-25-18.58.33.jpg\" alt=\"\" class=\"wp-image-10730\" srcset=\"https:\/\/www.amaymodelesclub.org\/wp-content\/uploads\/2024\/03\/2023-12-25-18.58.33.jpg 828w, https:\/\/www.amaymodelesclub.org\/wp-content\/uploads\/2024\/03\/2023-12-25-18.58.33-300x225.jpg 300w, https:\/\/www.amaymodelesclub.org\/wp-content\/uploads\/2024\/03\/2023-12-25-18.58.33-768x575.jpg 768w\" sizes=\"(max-width: 828px) 100vw, 828px\" \/><\/figure>\n<\/div>\n\n\n<p class=\"has-text-align-center\"><\/p>\n\n\n<div class=\"wp-block-image\">\n<figure class=\"aligncenter is-resized\"><img loading=\"lazy\" decoding=\"async\" width=\"300\" height=\"225\" src=\"https:\/\/www.amaymodelesclub.org\/wp-content\/uploads\/2022\/07\/amaymc1962004groupegrand-300x225.jpg\" alt=\"\" class=\"wp-image-1094\" style=\"width:810px;height:608px\" srcset=\"https:\/\/www.amaymodelesclub.org\/wp-content\/uploads\/2022\/07\/amaymc1962004groupegrand-300x225.jpg 300w, https:\/\/www.amaymodelesclub.org\/wp-content\/uploads\/2022\/07\/amaymc1962004groupegrand-768x576.jpg 768w, https:\/\/www.amaymodelesclub.org\/wp-content\/uploads\/2022\/07\/amaymc1962004groupegrand.jpg 900w\" sizes=\"(max-width: 300px) 100vw, 300px\" \/><\/figure>\n<\/div>\n\n\n<div class=\"style2\" style=\"text-align: center;\">Les membres de AMC en rouge, ainsi que nos amis du club jumel\u00e9 de MCT57(F), accompagn\u00e9s de quelques membres du forum \u00ab\u00a0Modelismo\u00a0\u00bb en 2004.<\/div>\n\n\n<div class=\"wp-block-image\">\n<figure class=\"aligncenter is-resized\"><img loading=\"lazy\" decoding=\"async\" width=\"300\" height=\"200\" src=\"https:\/\/www.amaymodelesclub.org\/wp-content\/uploads\/2022\/07\/134684903911328000_resized-300x200.jpg\" alt=\"\" class=\"wp-image-1096\" style=\"width:812px;height:541px\" srcset=\"https:\/\/www.amaymodelesclub.org\/wp-content\/uploads\/2022\/07\/134684903911328000_resized-300x200.jpg 300w, https:\/\/www.amaymodelesclub.org\/wp-content\/uploads\/2022\/07\/134684903911328000_resized.jpg 750w\" sizes=\"(max-width: 300px) 100vw, 300px\" \/><\/figure>\n<\/div>\n\n\n<div><\/div>\n\n\n\n<p class=\"has-text-align-center\"><span class=\"style2\">Quelques membres de AMC pr\u00e9sents \u00e0 SMW IPMS Telford en 2010.<\/span><\/p>\n\n\n<div class=\"wp-block-image\">\n<figure class=\"aligncenter is-resized\"><img loading=\"lazy\" decoding=\"async\" width=\"300\" height=\"184\" src=\"https:\/\/www.amaymodelesclub.org\/wp-content\/uploads\/2022\/07\/146641843458022200_resized-300x184.jpg\" alt=\"\" class=\"wp-image-1098\" style=\"width:830px;height:509px\" srcset=\"https:\/\/www.amaymodelesclub.org\/wp-content\/uploads\/2022\/07\/146641843458022200_resized-300x184.jpg 300w, https:\/\/www.amaymodelesclub.org\/wp-content\/uploads\/2022\/07\/146641843458022200_resized-1024x628.jpg 1024w, https:\/\/www.amaymodelesclub.org\/wp-content\/uploads\/2022\/07\/146641843458022200_resized-768x471.jpg 768w, https:\/\/www.amaymodelesclub.org\/wp-content\/uploads\/2022\/07\/146641843458022200_resized-1536x942.jpg 1536w, https:\/\/www.amaymodelesclub.org\/wp-content\/uploads\/2022\/07\/146641843458022200_resized.jpg 1920w\" sizes=\"(max-width: 300px) 100vw, 300px\" \/><\/figure>\n<\/div>\n\n\n<p class=\"has-text-align-center\"><span class=\"style2\">Pour la 20e \u00e9dition de notre exposition, les membres de AMC presqu&rsquo;au complet en 2012.<\/span><\/p>\n\n\n<div class=\"wp-block-image\">\n<figure class=\"aligncenter is-resized\"><img loading=\"lazy\" decoding=\"async\" width=\"300\" height=\"218\" src=\"https:\/\/www.amaymodelesclub.org\/wp-content\/uploads\/2022\/07\/140351507689636700_resized-300x218.jpg\" alt=\"\" class=\"wp-image-1097\" style=\"width:829px;height:602px\" srcset=\"https:\/\/www.amaymodelesclub.org\/wp-content\/uploads\/2022\/07\/140351507689636700_resized-300x218.jpg 300w, https:\/\/www.amaymodelesclub.org\/wp-content\/uploads\/2022\/07\/140351507689636700_resized-768x557.jpg 768w, https:\/\/www.amaymodelesclub.org\/wp-content\/uploads\/2022\/07\/140351507689636700_resized.jpg 800w\" sizes=\"(max-width: 300px) 100vw, 300px\" \/><\/figure>\n<\/div>\n\n\n<p class=\"has-text-align-center\"><span class=\"style2\">Pour la 21e \u00e9dition de notre exposition, les membres de AMC en 2014.<\/span><\/p>\n\n\n\n<p class=\"has-text-align-center\"><a href=\"https:\/\/www.amaymodelesclub.org\/wp-content\/uploads\/2021\/08\/AMC-article-dans-La-Meuse-du-30-juillet-2015.pdf\">AMC article dans La Meuse du 30 juillet 2015<\/a><\/p>\n\n\n<div class=\"wp-block-image\">\n<figure class=\"aligncenter\"><img decoding=\"async\" src=\"http:\/\/otcktqk.cluster030.hosting.ovh.net\/wp-content\/uploads\/2019\/09\/AMC-aou\u0302t-2019-Huy-HI.jpg\" alt=\"\" class=\"wp-image-326\"\/><\/figure>\n<\/div>\n\n\n<div class=\"wp-block-columns is-layout-flex wp-container-core-columns-is-layout-9d6595d7 wp-block-columns-is-layout-flex\">\n<div class=\"wp-block-column is-layout-flow wp-block-column-is-layout-flow\" style=\"flex-basis:100%\">\n<figure class=\"wp-block-image size-full\"><img loading=\"lazy\" decoding=\"async\" width=\"661\" height=\"1004\" src=\"https:\/\/www.amaymodelesclub.org\/wp-content\/uploads\/2025\/11\/2025-11-06-18.15.20-1.jpg\" alt=\"\" class=\"wp-image-11643\" srcset=\"https:\/\/www.amaymodelesclub.org\/wp-content\/uploads\/2025\/11\/2025-11-06-18.15.20-1.jpg 661w, https:\/\/www.amaymodelesclub.org\/wp-content\/uploads\/2025\/11\/2025-11-06-18.15.20-1-198x300.jpg 198w, https:\/\/www.amaymodelesclub.org\/wp-content\/uploads\/2025\/11\/2025-11-06-18.15.20-1-100x152.jpg 100w\" sizes=\"(max-width: 661px) 100vw, 661px\" \/><\/figure>\n<\/div>\n<\/div>\n\n\n\n<p class=\"has-text-align-center\">Les membres du club lors de la 23e exposition du club en 2019.<\/p>\n\n\n\n<figure class=\"wp-block-image size-large\"><img loading=\"lazy\" decoding=\"async\" width=\"1024\" height=\"419\" src=\"https:\/\/www.amaymodelesclub.org\/wp-content\/uploads\/2024\/05\/2024-05-13-08.30.57-1024x419.jpg\" alt=\"\" class=\"wp-image-10921\" srcset=\"https:\/\/www.amaymodelesclub.org\/wp-content\/uploads\/2024\/05\/2024-05-13-08.30.57-1024x419.jpg 1024w, https:\/\/www.amaymodelesclub.org\/wp-content\/uploads\/2024\/05\/2024-05-13-08.30.57-300x123.jpg 300w, https:\/\/www.amaymodelesclub.org\/wp-content\/uploads\/2024\/05\/2024-05-13-08.30.57-768x314.jpg 768w, https:\/\/www.amaymodelesclub.org\/wp-content\/uploads\/2024\/05\/2024-05-13-08.30.57-1536x629.jpg 1536w, https:\/\/www.amaymodelesclub.org\/wp-content\/uploads\/2024\/05\/2024-05-13-08.30.57-1920x786.jpg 1920w, https:\/\/www.amaymodelesclub.org\/wp-content\/uploads\/2024\/05\/2024-05-13-08.30.57.jpg 1999w\" sizes=\"(max-width: 1024px) 100vw, 1024px\" \/><\/figure>\n\n\n\n<p class=\"has-text-align-center\">Les membres du club lors de la 26e exposition du club en 2024.<\/p>\n\n\n\n<figure class=\"wp-block-image size-large\"><img loading=\"lazy\" decoding=\"async\" width=\"1024\" height=\"768\" src=\"https:\/\/www.amaymodelesclub.org\/wp-content\/uploads\/2024\/11\/2024-11-15-22.29.18-1024x768.jpg\" alt=\"\" class=\"wp-image-11080\" srcset=\"https:\/\/www.amaymodelesclub.org\/wp-content\/uploads\/2024\/11\/2024-11-15-22.29.18-1024x768.jpg 1024w, https:\/\/www.amaymodelesclub.org\/wp-content\/uploads\/2024\/11\/2024-11-15-22.29.18-300x225.jpg 300w, https:\/\/www.amaymodelesclub.org\/wp-content\/uploads\/2024\/11\/2024-11-15-22.29.18-768x576.jpg 768w, https:\/\/www.amaymodelesclub.org\/wp-content\/uploads\/2024\/11\/2024-11-15-22.29.18-1536x1152.jpg 1536w, https:\/\/www.amaymodelesclub.org\/wp-content\/uploads\/2024\/11\/2024-11-15-22.29.18-1440x1080.jpg 1440w, https:\/\/www.amaymodelesclub.org\/wp-content\/uploads\/2024\/11\/2024-11-15-22.29.18.jpg 2048w\" sizes=\"(max-width: 1024px) 100vw, 1024px\" \/><\/figure>\n\n\n\n<p class=\"has-text-align-center\">Quelques membres de AMC pr\u00e9sents \u00e0 SMW IPMS Telford en 2024. <\/p>\n\n\n<div class=\"wp-block-image\">\n<figure class=\"aligncenter size-full is-resized\"><img loading=\"lazy\" decoding=\"async\" width=\"634\" height=\"748\" src=\"https:\/\/www.amaymodelesclub.org\/wp-content\/uploads\/2024\/11\/465110047_2502013203326400_2426276652303872656_n.jpg\" alt=\"\" class=\"wp-image-11083\" style=\"width:266px;height:auto\" srcset=\"https:\/\/www.amaymodelesclub.org\/wp-content\/uploads\/2024\/11\/465110047_2502013203326400_2426276652303872656_n.jpg 634w, https:\/\/www.amaymodelesclub.org\/wp-content\/uploads\/2024\/11\/465110047_2502013203326400_2426276652303872656_n-254x300.jpg 254w\" sizes=\"(max-width: 634px) 100vw, 634px\" \/><\/figure>\n<\/div>\n\n\n<p class=\"has-text-align-center\">Best Overseas display table, pour la seconde fois.<\/p>\n\n\n\n<p><\/p>\n\n\n\n<p class=\"has-text-align-center\"><\/p>\n\n\n\n<p>&nbsp;<\/p>\n\n\n\n<hr class=\"wp-block-separator has-alpha-channel-opacity\"\/>\n\n\n\n<p> <a id=\"section2\"><\/a><\/p>\n<div style=\"margin: 20px 0;\"><div class=\"qrcswholewtapper\" style=\"text-align:left;\"><div class=\"qrcprowrapper\"  id=\"qrcwraa2leds\"><div class=\"qrc_canvass\" id=\"qrc_cuttenpages_2\" style=\"display:inline-block\" data-text=\"https:\/\/www.amaymodelesclub.org\/index.php\/about\/\"><\/div><div><a download=\"Informations.png\" class=\"qrcdownloads\" id=\"worign\">\r\n           <button type=\"button\" style=\"min-width:80px;background:#44d813;color:#000;font-weight: 600;border: 1px solid #44d813;border-radius:20px;font-size:12px;padding: 6px 0;\" class=\"uqr_code_btn\">Download QR<\/button>\r\n           <\/a><\/div><\/div><\/div><\/div>","protected":false},"excerpt":{"rendered":"<p>Prenez une trentaine de personnes, de 30 \u00e0 84 ans, de tous milieux, apparemment saines d\u2019esprit, rassemblez-les devant une boite de mod\u00e8le r\u00e9duit en plastique et, instantan\u00e9ment, vous obtenez un [&hellip;]<\/p>\n","protected":false},"author":1,"featured_media":0,"parent":0,"menu_order":0,"comment_status":"closed","ping_status":"closed","template":"","meta":{"saved_in_kubio":false,"footnotes":""},"class_list":["post-48","page","type-page","status-publish","hentry"],"kubio_ai_page_context":{"short_desc":"","purpose":"general"},"_links":{"self":[{"href":"https:\/\/www.amaymodelesclub.org\/index.php\/wp-json\/wp\/v2\/pages\/48","targetHints":{"allow":["GET"]}}],"collection":[{"href":"https:\/\/www.amaymodelesclub.org\/index.php\/wp-json\/wp\/v2\/pages"}],"about":[{"href":"https:\/\/www.amaymodelesclub.org\/index.php\/wp-json\/wp\/v2\/types\/page"}],"author":[{"embeddable":true,"href":"https:\/\/www.amaymodelesclub.org\/index.php\/wp-json\/wp\/v2\/users\/1"}],"replies":[{"embeddable":true,"href":"https:\/\/www.amaymodelesclub.org\/index.php\/wp-json\/wp\/v2\/comments?post=48"}],"version-history":[{"count":17,"href":"https:\/\/www.amaymodelesclub.org\/index.php\/wp-json\/wp\/v2\/pages\/48\/revisions"}],"predecessor-version":[{"id":11644,"href":"https:\/\/www.amaymodelesclub.org\/index.php\/wp-json\/wp\/v2\/pages\/48\/revisions\/11644"}],"wp:attachment":[{"href":"https:\/\/www.amaymodelesclub.org\/index.php\/wp-json\/wp\/v2\/media?parent=48"}],"curies":[{"name":"wp","href":"https:\/\/api.w.org\/{rel}","templated":true}]}}