{"id":189,"date":"2018-08-10T19:11:43","date_gmt":"2018-08-10T18:11:43","guid":{"rendered":"https:\/\/www.amaymodelesclub.org\/?page_id=189"},"modified":"2025-11-18T09:04:12","modified_gmt":"2025-11-18T08:04:12","slug":"expositions-reportages-photos","status":"publish","type":"page","link":"https:\/\/www.amaymodelesclub.org\/index.php\/expositions-reportages-photos\/","title":{"rendered":"Expositions du club"},"content":{"rendered":"\n<p>Tous les deux ans, AMC organise son exposition dans les locaux de l\u2019IPES de HUY.<\/p>\n\n\n\n<p><strong>En 2026, nous organiserons notre exposition le samedi 9 mai.<\/strong> <\/p>\n\n\n\n<p>Quelques photos des \u00e9v\u00e8nements ant\u00e9rieurs:<\/p>\n\n\n\n<p><a href=\"https:\/\/www.amaymodelesclub.org\/index.php\/expo-amc-2024\/\">En 2024<\/a> -les 40 ans du club-<\/p>\n\n\n\n<p><a href=\"https:\/\/www.amaymodelesclub.org\/index.php\/expo-amc-2023\/\">En 2023<\/a><\/p>\n\n\n\n<p><a href=\"https:\/\/www.amaymodelesclub.org\/index.php\/expo-amc-2021\/\">En 2021<\/a><\/p>\n\n\n\n<p><a href=\"https:\/\/www.amaymodelesclub.org\/index.php\/expo-amc-2019\/\">En 2019<\/a><\/p>\n\n\n\n<p><a href=\"https:\/\/www.amaymodelesclub.org\/index.php\/expo-amc-2018\/\">En 2018<\/a><\/p>\n\n\n\n<p><a href=\"https:\/\/www.amaymodelesclub.org\/index.php\/amc-2008\/\">En 2008<\/a><\/p>\n\n\n\n<p><a href=\"https:\/\/www.amaymodelesclub.org\/index.php\/amc-2006\/\">En 2006<\/a><\/p>\n\n\n\n<p><\/p>\n\n\n\n<p><\/p>\n<div style=\"margin: 20px 0;\"><div class=\"qrcswholewtapper\" style=\"text-align:left;\"><div class=\"qrcprowrapper\"  id=\"qrcwraa2leds\"><div class=\"qrc_canvass\" id=\"qrc_cuttenpages_2\" style=\"display:inline-block\" data-text=\"https:\/\/www.amaymodelesclub.org\/index.php\/expositions-reportages-photos\/\"><\/div><div><a download=\"Expositions du club.png\" class=\"qrcdownloads\" id=\"worign\">\r\n           <button type=\"button\" style=\"min-width:80px;background:#44d813;color:#000;font-weight: 600;border: 1px solid #44d813;border-radius:20px;font-size:12px;padding: 6px 0;\" class=\"uqr_code_btn\">Download QR<\/button>\r\n           <\/a><\/div><\/div><\/div><\/div>","protected":false},"excerpt":{"rendered":"<p>Tous les deux ans, AMC organise son exposition dans les locaux de l\u2019IPES de HUY. En 2026, nous organiserons notre exposition le samedi 9 mai. Quelques photos des \u00e9v\u00e8nements ant\u00e9rieurs: [&hellip;]<\/p>\n","protected":false},"author":1,"featured_media":0,"parent":0,"menu_order":0,"comment_status":"closed","ping_status":"closed","template":"","meta":{"saved_in_kubio":false,"footnotes":""},"class_list":["post-189","page","type-page","status-publish","hentry"],"kubio_ai_page_context":{"short_desc":"","purpose":"general"},"_links":{"self":[{"href":"https:\/\/www.amaymodelesclub.org\/index.php\/wp-json\/wp\/v2\/pages\/189","targetHints":{"allow":["GET"]}}],"collection":[{"href":"https:\/\/www.amaymodelesclub.org\/index.php\/wp-json\/wp\/v2\/pages"}],"about":[{"href":"https:\/\/www.amaymodelesclub.org\/index.php\/wp-json\/wp\/v2\/types\/page"}],"author":[{"embeddable":true,"href":"https:\/\/www.amaymodelesclub.org\/index.php\/wp-json\/wp\/v2\/users\/1"}],"replies":[{"embeddable":true,"href":"https:\/\/www.amaymodelesclub.org\/index.php\/wp-json\/wp\/v2\/comments?post=189"}],"version-history":[{"count":15,"href":"https:\/\/www.amaymodelesclub.org\/index.php\/wp-json\/wp\/v2\/pages\/189\/revisions"}],"predecessor-version":[{"id":11683,"href":"https:\/\/www.amaymodelesclub.org\/index.php\/wp-json\/wp\/v2\/pages\/189\/revisions\/11683"}],"wp:attachment":[{"href":"https:\/\/www.amaymodelesclub.org\/index.php\/wp-json\/wp\/v2\/media?parent=189"}],"curies":[{"name":"wp","href":"https:\/\/api.w.org\/{rel}","templated":true}]}}