{"id":187,"date":"2018-08-10T19:10:55","date_gmt":"2018-08-10T18:10:55","guid":{"rendered":"https:\/\/www.amaymodelesclub.org\/?page_id=187"},"modified":"2025-11-14T12:17:05","modified_gmt":"2025-11-14T11:17:05","slug":"ateliers-du-club","status":"publish","type":"page","link":"https:\/\/www.amaymodelesclub.org\/index.php\/ateliers-du-club\/","title":{"rendered":"Ateliers\/r\u00e9unions"},"content":{"rendered":"\n<blockquote class=\"wp-block-quote is-layout-flow wp-block-quote-is-layout-flow\">\n<p>Si vous d\u00e9sirez nous rencontrer, rendez-vous \u00e0 notre prochaine exposition \u00e0 l&rsquo;IPES HUY, le samedi 9 mai 2026 ou plus simplement rendez-nous visite lors de nos ateliers mensuels ou notre r\u00e9union hebdomadaire du vendredi pr\u00e9c\u00e9dant un atelier \u00e0 partir de 20h \u00e0 l&rsquo;adresse suivante:<\/p>\n\n\n\n<p><img loading=\"lazy\" decoding=\"async\" width=\"300\" height=\"169\" class=\"wp-image-2725\" style=\"width: 300px;\" src=\"https:\/\/www.amaymodelesclub.org\/wp-content\/uploads\/2022\/08\/10530675_255277644666645_1711652519046083770_n.jpg\" alt=\"\" srcset=\"https:\/\/www.amaymodelesclub.org\/wp-content\/uploads\/2022\/08\/10530675_255277644666645_1711652519046083770_n.jpg 960w, https:\/\/www.amaymodelesclub.org\/wp-content\/uploads\/2022\/08\/10530675_255277644666645_1711652519046083770_n-300x169.jpg 300w, https:\/\/www.amaymodelesclub.org\/wp-content\/uploads\/2022\/08\/10530675_255277644666645_1711652519046083770_n-768x432.jpg 768w\" sizes=\"(max-width: 300px) 100vw, 300px\" \/><\/p>\n\n\n\n<p><\/p>\n<\/blockquote>\n\n\n\n<p><strong>Maison de quartier<\/strong><\/p>\n\n\n\n<p><strong>Rue des Ecoles, 1<\/strong><\/p>\n\n\n\n<p><strong>4530 FIZE-FONTAINE <\/strong><\/p>\n\n\n\n<p><strong>BELGIQUE<\/strong><\/p>\n\n\n\n<p>Plus simplement, voici un plan pour trouver notre local:<\/p>\n\n\n\n<figure class=\"wp-block-image is-resized is-style-default\"><img loading=\"lazy\" decoding=\"async\" width=\"300\" height=\"213\" src=\"https:\/\/www.amaymodelesclub.org\/wp-content\/uploads\/2022\/07\/planfize-300x213.png\" alt=\"\" class=\"wp-image-1093\" style=\"width:352px;height:250px\" srcset=\"https:\/\/www.amaymodelesclub.org\/wp-content\/uploads\/2022\/07\/planfize-300x213.png 300w, https:\/\/www.amaymodelesclub.org\/wp-content\/uploads\/2022\/07\/planfize.png 372w\" sizes=\"(max-width: 300px) 100vw, 300px\" \/><\/figure>\n\n\n\n<p><\/p>\n\n\n\n<p>Autoroute E-42\/A15, sortie 6 \u00ab\u00a0Amay, Villers-le-Bouillet, Huy\u00a0\u00bb, direction Huy. Au rond-point \u00ab\u00a0Intermarch\u00e9\u00a0\u00bb, 2de sortie direction Huy via RN684 (Rue de Tihange). Au second rond-point \u00ab\u00a0Schelfhout\u00a0\u00bb prendre la 3e sortie \u00e0 gauche, direction Fize-Fontaine. Route principale (Rue Le Marais) jusqu&rsquo;au Monument, vous \u00eates arriv\u00e9, c&rsquo;est le b\u00e2timent blanc en face.<\/p>\n\n\n\n<p class=\"has-black-color has-text-color\"><\/p>\n\n\n\n<p>En ce qui concerne les ateliers des samedis, les dates de ceux-ci sont&nbsp;<a href=\"https:\/\/www.amaymodelesclub.org\/index.php\/calendrier\/\"> dans le calendrier<\/a>.<\/p>\n\n\n\n<p>Au plaisir de vous rencontrer, salutations mod\u00e9listiques!<\/p>\n\n\n\n<p>Des questions? Vous pouvez \u00e9galement nous contacter ci-dessous:&nbsp; \n<div class=\"wpcf7 no-js\" id=\"wpcf7-f660-o1\" lang=\"fr-FR\" dir=\"ltr\" data-wpcf7-id=\"660\">\n<div class=\"screen-reader-response\"><p role=\"status\" aria-live=\"polite\" aria-atomic=\"true\"><\/p> <ul><\/ul><\/div>\n<form action=\"\/index.php\/wp-json\/wp\/v2\/pages\/187#wpcf7-f660-o1\" method=\"post\" class=\"wpcf7-form init\" aria-label=\"Formulaire de contact\" novalidate=\"novalidate\" data-status=\"init\">\n<fieldset class=\"hidden-fields-container\"><input type=\"hidden\" name=\"_wpcf7\" value=\"660\" \/><input type=\"hidden\" name=\"_wpcf7_version\" value=\"6.1.5\" \/><input type=\"hidden\" name=\"_wpcf7_locale\" value=\"fr_FR\" \/><input type=\"hidden\" name=\"_wpcf7_unit_tag\" value=\"wpcf7-f660-o1\" \/><input type=\"hidden\" name=\"_wpcf7_container_post\" value=\"0\" \/><input type=\"hidden\" name=\"_wpcf7_posted_data_hash\" value=\"\" \/><input type=\"hidden\" name=\"_wpcf7_recaptcha_response\" value=\"\" \/>\n<\/fieldset>\n<p><label> Votre nom<br \/>\n<span class=\"wpcf7-form-control-wrap\" data-name=\"your-name\"><input size=\"40\" maxlength=\"400\" class=\"wpcf7-form-control wpcf7-text wpcf7-validates-as-required\" aria-required=\"true\" aria-invalid=\"false\" value=\"\" type=\"text\" name=\"your-name\" \/><\/span> <\/label>\n<\/p>\n<p><label> Votre e-mail<br \/>\n<span class=\"wpcf7-form-control-wrap\" data-name=\"your-email\"><input size=\"40\" maxlength=\"400\" class=\"wpcf7-form-control wpcf7-email wpcf7-validates-as-required wpcf7-text wpcf7-validates-as-email\" aria-required=\"true\" aria-invalid=\"false\" value=\"\" type=\"email\" name=\"your-email\" \/><\/span> <\/label>\n<\/p>\n<p><label> Objet<br \/>\n<span class=\"wpcf7-form-control-wrap\" data-name=\"your-subject\"><input size=\"40\" maxlength=\"400\" class=\"wpcf7-form-control wpcf7-text wpcf7-validates-as-required\" aria-required=\"true\" aria-invalid=\"false\" value=\"\" type=\"text\" name=\"your-subject\" \/><\/span> <\/label>\n<\/p>\n<p><label> Votre message (facultatif)<br \/>\n<span class=\"wpcf7-form-control-wrap\" data-name=\"your-message\"><textarea cols=\"40\" rows=\"10\" maxlength=\"2000\" class=\"wpcf7-form-control wpcf7-textarea\" aria-invalid=\"false\" name=\"your-message\"><\/textarea><\/span> <\/label>\n<\/p>\n<p><input class=\"wpcf7-form-control wpcf7-submit has-spinner\" type=\"submit\" value=\"Envoyer\" \/>\n<\/p><p style=\"display: none !important;\" class=\"akismet-fields-container\" data-prefix=\"_wpcf7_ak_\"><label>&#916;<textarea name=\"_wpcf7_ak_hp_textarea\" cols=\"45\" rows=\"8\" maxlength=\"100\"><\/textarea><\/label><input type=\"hidden\" id=\"ak_js_1\" name=\"_wpcf7_ak_js\" value=\"132\"\/><script>document.getElementById( \"ak_js_1\" ).setAttribute( \"value\", ( new Date() ).getTime() );<\/script><\/p><div class=\"wpcf7-response-output\" aria-hidden=\"true\"><\/div>\n<\/form>\n<\/div>\n<\/p>\n<div style=\"margin: 20px 0;\"><div class=\"qrcswholewtapper\" style=\"text-align:left;\"><div class=\"qrcprowrapper\"  id=\"qrcwraa2leds\"><div class=\"qrc_canvass\" id=\"qrc_cuttenpages_2\" style=\"display:inline-block\" data-text=\"https:\/\/www.amaymodelesclub.org\/index.php\/ateliers-du-club\/\"><\/div><div><a download=\"Ateliers\/r\u00e9unions.png\" class=\"qrcdownloads\" id=\"worign\">\r\n           <button type=\"button\" style=\"min-width:80px;background:#44d813;color:#000;font-weight: 600;border: 1px solid #44d813;border-radius:20px;font-size:12px;padding: 6px 0;\" class=\"uqr_code_btn\">Download QR<\/button>\r\n           <\/a><\/div><\/div><\/div><\/div>","protected":false},"excerpt":{"rendered":"<p>Si vous d\u00e9sirez nous rencontrer, rendez-vous \u00e0 notre prochaine exposition \u00e0 l&rsquo;IPES HUY, le samedi 9 mai 2026 ou plus simplement rendez-nous visite lors de nos ateliers mensuels ou notre [&hellip;]<\/p>\n","protected":false},"author":1,"featured_media":0,"parent":0,"menu_order":0,"comment_status":"closed","ping_status":"closed","template":"","meta":{"saved_in_kubio":false,"footnotes":""},"class_list":["post-187","page","type-page","status-publish","hentry"],"kubio_ai_page_context":{"short_desc":"","purpose":"general"},"_links":{"self":[{"href":"https:\/\/www.amaymodelesclub.org\/index.php\/wp-json\/wp\/v2\/pages\/187","targetHints":{"allow":["GET"]}}],"collection":[{"href":"https:\/\/www.amaymodelesclub.org\/index.php\/wp-json\/wp\/v2\/pages"}],"about":[{"href":"https:\/\/www.amaymodelesclub.org\/index.php\/wp-json\/wp\/v2\/types\/page"}],"author":[{"embeddable":true,"href":"https:\/\/www.amaymodelesclub.org\/index.php\/wp-json\/wp\/v2\/users\/1"}],"replies":[{"embeddable":true,"href":"https:\/\/www.amaymodelesclub.org\/index.php\/wp-json\/wp\/v2\/comments?post=187"}],"version-history":[{"count":18,"href":"https:\/\/www.amaymodelesclub.org\/index.php\/wp-json\/wp\/v2\/pages\/187\/revisions"}],"predecessor-version":[{"id":11651,"href":"https:\/\/www.amaymodelesclub.org\/index.php\/wp-json\/wp\/v2\/pages\/187\/revisions\/11651"}],"wp:attachment":[{"href":"https:\/\/www.amaymodelesclub.org\/index.php\/wp-json\/wp\/v2\/media?parent=187"}],"curies":[{"name":"wp","href":"https:\/\/api.w.org\/{rel}","templated":true}]}}